{"id":19,"date":"2021-03-02T08:55:23","date_gmt":"2021-03-02T08:55:23","guid":{"rendered":"https:\/\/vip360.lt\/?page_id=19"},"modified":"2024-04-30T09:34:52","modified_gmt":"2024-04-30T09:34:52","slug":"home","status":"publish","type":"page","link":"https:\/\/vip360.lt\/","title":{"rendered":"Home"},"content":{"rendered":"<style>\/*! elementor - v3.21.0 - 25-04-2024 *\/\n.elementor-heading-title{padding:0;margin:0;line-height:1}.elementor-widget-heading .elementor-heading-title[class*=elementor-size-]>a{color:inherit;font-size:inherit;line-height:inherit}.elementor-widget-heading .elementor-heading-title.elementor-size-small{font-size:15px}.elementor-widget-heading .elementor-heading-title.elementor-size-medium{font-size:19px}.elementor-widget-heading .elementor-heading-title.elementor-size-large{font-size:29px}.elementor-widget-heading .elementor-heading-title.elementor-size-xl{font-size:39px}.elementor-widget-heading .elementor-heading-title.elementor-size-xxl{font-size:59px}<\/style>\n<h1>I\u0160SKIRTIN\u0116S PASLAUGOS J\u016aS\u0172 \u0160VENT\u0116MS<\/h1>\n<p>\t\t\t<a href=\"#bio\"><br \/>\n\t\t\t\t\t\t\t\t\tTIK SU &#8222;VIP 360 LIETUVA&#8221;<br \/>\n\t\t\t\t\t<\/a>\n\t\t\t<link rel=\"stylesheet\" href=\"https:\/\/vip360.lt\/wp-content\/plugins\/elementor-pro\/assets\/css\/widget-call-to-action.min.css\">\n<h2>\n\t\t\t\t\t\t360 VIDEO PLATFORMA\t\t\t\t\t<\/h2>\n<h2>\n\t\t\t\t\t\t&#8222;GYVA&#8221; \u0160AMPANO SIENA\t\t\t\t\t<\/h2>\n<h2>\n\t\t\t\t\t\t&#8222;MAGAZINE&#8221; FOTO B\u016aDEL\u0116\t\t\t\t\t<\/h2>\n<h5>Kas mes ir kod\u0117l?<\/h5>\n<p>Nuomos paslaugas prad\u0117jome teikti 2022 met\u0173 prad\u017eioje. Buvome pirmieji \u012f Lietuv\u0105 atve\u017e\u0119 ir pristat\u0119 360 video platform\u0105, kuri\u0105 dabar tik\u0117tina jau matote visur. \u0160i\u0173 met\u0173 prad\u017eioje savo rankomis suk\u016br\u0117me &#8222;Gyv\u0105 \u0161ampano sien\u0105&#8221; ir pats naujausias m\u016bs\u0173 kurtas projektas &#8211; &#8222;Magazine&#8221; foto b\u016bdel\u0117.\u00a0<\/p>\n<p>Paslaugas teikiame auk\u0161\u010diausiu lygiu. Jomis pasitiki ne tik fiziniai asmenys, ta\u010diau ir did\u017eiausios \u012fmon\u0117s Lietuvoje.\u00a0<\/p>\n<p>B\u016bsime labai laimingi gal\u0117dami J\u016bs\u0173 \u0161vent\u0119 ar rengin\u012f paversti i\u0161skirtiniu.<\/p>\n<p>\u00a0<\/p>\n<p>\t\t\t<a href=\"https:\/\/vip360.lt\/?page_id=447\"><br \/>\n\t\t\t\t<svg xmlns=\"http:\/\/www.w3.org\/2000\/svg\" viewBox=\"0 0 2048 2048\"><path d=\"M6.125 1088h1797.89l-402.976 403 89.994 90L2048 1024l-556.966-557-89.994 90 402.976 403H6.125v128z\"><\/path><\/svg><br \/>\n\t\t\t\t\t\t\t\t\tPASLAUG\u0172 KAINOS<br \/>\n\t\t\t\t\t<\/a><\/p>\n<h2>MUMIS PASITIKI<\/h2>\n<h2>MUMIS PASITIKI<\/h2>\n<style>\/*! elementor - v3.21.0 - 25-04-2024 *\/\n.elementor-widget-divider{--divider-border-style:none;--divider-border-width:1px;--divider-color:#0c0d0e;--divider-icon-size:20px;--divider-element-spacing:10px;--divider-pattern-height:24px;--divider-pattern-size:20px;--divider-pattern-url:none;--divider-pattern-repeat:repeat-x}.elementor-widget-divider .elementor-divider{display:flex}.elementor-widget-divider .elementor-divider__text{font-size:15px;line-height:1;max-width:95%}.elementor-widget-divider .elementor-divider__element{margin:0 var(--divider-element-spacing);flex-shrink:0}.elementor-widget-divider .elementor-icon{font-size:var(--divider-icon-size)}.elementor-widget-divider .elementor-divider-separator{display:flex;margin:0;direction:ltr}.elementor-widget-divider--view-line_icon .elementor-divider-separator,.elementor-widget-divider--view-line_text .elementor-divider-separator{align-items:center}.elementor-widget-divider--view-line_icon .elementor-divider-separator:after,.elementor-widget-divider--view-line_icon .elementor-divider-separator:before,.elementor-widget-divider--view-line_text .elementor-divider-separator:after,.elementor-widget-divider--view-line_text .elementor-divider-separator:before{display:block;content:\"\";border-block-end:0;flex-grow:1;border-block-start:var(--divider-border-width) var(--divider-border-style) var(--divider-color)}.elementor-widget-divider--element-align-left .elementor-divider .elementor-divider-separator>.elementor-divider__svg:first-of-type{flex-grow:0;flex-shrink:100}.elementor-widget-divider--element-align-left .elementor-divider-separator:before{content:none}.elementor-widget-divider--element-align-left .elementor-divider__element{margin-left:0}.elementor-widget-divider--element-align-right .elementor-divider .elementor-divider-separator>.elementor-divider__svg:last-of-type{flex-grow:0;flex-shrink:100}.elementor-widget-divider--element-align-right .elementor-divider-separator:after{content:none}.elementor-widget-divider--element-align-right .elementor-divider__element{margin-right:0}.elementor-widget-divider--element-align-start .elementor-divider .elementor-divider-separator>.elementor-divider__svg:first-of-type{flex-grow:0;flex-shrink:100}.elementor-widget-divider--element-align-start .elementor-divider-separator:before{content:none}.elementor-widget-divider--element-align-start .elementor-divider__element{margin-inline-start:0}.elementor-widget-divider--element-align-end .elementor-divider .elementor-divider-separator>.elementor-divider__svg:last-of-type{flex-grow:0;flex-shrink:100}.elementor-widget-divider--element-align-end .elementor-divider-separator:after{content:none}.elementor-widget-divider--element-align-end .elementor-divider__element{margin-inline-end:0}.elementor-widget-divider:not(.elementor-widget-divider--view-line_text):not(.elementor-widget-divider--view-line_icon) .elementor-divider-separator{border-block-start:var(--divider-border-width) var(--divider-border-style) var(--divider-color)}.elementor-widget-divider--separator-type-pattern{--divider-border-style:none}.elementor-widget-divider--separator-type-pattern.elementor-widget-divider--view-line .elementor-divider-separator,.elementor-widget-divider--separator-type-pattern:not(.elementor-widget-divider--view-line) .elementor-divider-separator:after,.elementor-widget-divider--separator-type-pattern:not(.elementor-widget-divider--view-line) .elementor-divider-separator:before,.elementor-widget-divider--separator-type-pattern:not([class*=elementor-widget-divider--view]) .elementor-divider-separator{width:100%;min-height:var(--divider-pattern-height);-webkit-mask-size:var(--divider-pattern-size) 100%;mask-size:var(--divider-pattern-size) 100%;-webkit-mask-repeat:var(--divider-pattern-repeat);mask-repeat:var(--divider-pattern-repeat);background-color:var(--divider-color);-webkit-mask-image:var(--divider-pattern-url);mask-image:var(--divider-pattern-url)}.elementor-widget-divider--no-spacing{--divider-pattern-size:auto}.elementor-widget-divider--bg-round{--divider-pattern-repeat:round}.rtl .elementor-widget-divider .elementor-divider__text{direction:rtl}.e-con-inner>.elementor-widget-divider,.e-con>.elementor-widget-divider{width:var(--container-widget-width,100%);--flex-grow:var(--container-widget-flex-grow)}<\/style>\n<p>\t\t[gslogo id=2]\t\t<\/p>\n<h5>SVARBI INFORMACIJA<\/h5>\n<h2>INFORMACIJA IR KAINOS<\/h2>\n<p>\t\thttps:\/\/vip360.lt\/wp-content\/uploads\/2023\/07\/C4F68EA2-8032-4D28-A169-32D92C819DC3.mov\t\t<\/p>\n<style>\/*! elementor - v3.21.0 - 25-04-2024 *\/\n.elementor-widget-image-box .elementor-image-box-content{width:100%}@media (min-width:768px){.elementor-widget-image-box.elementor-position-left .elementor-image-box-wrapper,.elementor-widget-image-box.elementor-position-right .elementor-image-box-wrapper{display:flex}.elementor-widget-image-box.elementor-position-right .elementor-image-box-wrapper{text-align:end;flex-direction:row-reverse}.elementor-widget-image-box.elementor-position-left .elementor-image-box-wrapper{text-align:start;flex-direction:row}.elementor-widget-image-box.elementor-position-top .elementor-image-box-img{margin:auto}.elementor-widget-image-box.elementor-vertical-align-top .elementor-image-box-wrapper{align-items:flex-start}.elementor-widget-image-box.elementor-vertical-align-middle .elementor-image-box-wrapper{align-items:center}.elementor-widget-image-box.elementor-vertical-align-bottom .elementor-image-box-wrapper{align-items:flex-end}}@media (max-width:767px){.elementor-widget-image-box .elementor-image-box-img{margin-left:auto!important;margin-right:auto!important;margin-bottom:15px}}.elementor-widget-image-box .elementor-image-box-img{display:inline-block}.elementor-widget-image-box .elementor-image-box-title a{color:inherit}.elementor-widget-image-box .elementor-image-box-wrapper{text-align:center}.elementor-widget-image-box .elementor-image-box-description{margin:0}<\/style>\n<p>&#8222;Gyva&#8221; \u0161ampano siena <\/p>\n<p>Puikus ir orginalus b\u016bdas pasitikti sve\u010dius \u0161vent\u0117je ar renginyje. Suskambin\u0119 varpeliu &#8211; gaunate putojan\u010dio g\u0117rimo taur\u0119.\n<\/p>\n<p>\t\t<div style=\"width: 640px;\" class=\"wp-video\"><!--[if lt IE 9]><script>document.createElement('video');<\/script><![endif]-->\n<video class=\"wp-video-shortcode\" id=\"video-19-1\" width=\"640\" height=\"360\" preload=\"metadata\" controls=\"controls\"><source type=\"video\/mp4\" src=\"https:\/\/vip360.lt\/wp-content\/uploads\/2023\/07\/7C0A7E91-5F57-4D54-A4B0-7FD0C861BEE1.mp4?_=1\" \/><a href=\"https:\/\/vip360.lt\/wp-content\/uploads\/2023\/07\/7C0A7E91-5F57-4D54-A4B0-7FD0C861BEE1.mp4\">https:\/\/vip360.lt\/wp-content\/uploads\/2023\/07\/7C0A7E91-5F57-4D54-A4B0-7FD0C861BEE1.mp4<\/a><\/video><\/div><br \/>\n\t\t\t360 Video platforma<\/p>\n<p>\u0160i platforma yra kiekvienos \u0161vent\u0117s ar renginio &#8222;must have&#8221;. I\u0161skirtiniai 30 s. video, nufilmuoti 360\u00b0 kampu, sukurs nuostabi\u0105 \u0161vent\u0117s atmosfer\u0105.<\/p>\n<p>\t\thttps:\/\/vip360.lt\/wp-content\/uploads\/2023\/10\/copy_424DA05D-EC76-4319-B516-F2251AA5C982.mov<br \/>\n\t\t\tfoto b\u016bdel\u0117<\/p>\n<p>&#8222;Magazine&#8221; nuotrauk\u0173 b\u016bdel\u0117. Joje pasijausite lyg garsiausios \u017evaig\u017ed\u0117s. Nuotraukos bus lyg \u017eurnalo vir\u0161elis. Visi tekstai personalizuojami ir u\u017eklijuojami pagal J\u016bs\u0173 \u0161vent\u0119.<\/p>\n<p>\t\t\t<a href=\"https:\/\/vip360.lt\/?page_id=447\"><br \/>\n\t\t\t\t\t\t\t\t\tNUOMOS KAINA<br \/>\n\t\t\t\t\t<\/a><\/p>\n<style>\/*! elementor - v3.21.0 - 25-04-2024 *\/\n.elementor-widget-image{text-align:center}.elementor-widget-image a{display:inline-block}.elementor-widget-image a img[src$=\".svg\"]{width:48px}.elementor-widget-image img{vertical-align:middle;display:inline-block}<\/style>\n<p>\t\t\t\t\t\t\t\t\t\t<img loading=\"lazy\" decoding=\"async\" width=\"1920\" height=\"2560\" src=\"https:\/\/vip360.lt\/wp-content\/uploads\/2023\/09\/IMG_3994-scaled.jpg\" alt=\"\" srcset=\"https:\/\/vip360.lt\/wp-content\/uploads\/2023\/09\/IMG_3994-scaled.jpg 1920w, https:\/\/vip360.lt\/wp-content\/uploads\/2023\/09\/IMG_3994-225x300.jpg 225w, https:\/\/vip360.lt\/wp-content\/uploads\/2023\/09\/IMG_3994-768x1024.jpg 768w, https:\/\/vip360.lt\/wp-content\/uploads\/2023\/09\/IMG_3994-1152x1536.jpg 1152w, https:\/\/vip360.lt\/wp-content\/uploads\/2023\/09\/IMG_3994-1536x2048.jpg 1536w\" sizes=\"auto, (max-width: 1920px) 100vw, 1920px\" \/>\t\t\t\t\t\t\t\t\t\t\t\t\t<\/p>\n<h5>REZERVUOK INTERNETU &#8211; \u012e U\u017dKLAUSAS ATSAKOME PER KELIAS VALANDAS.  <\/h5>\n<h2>U\u017dPILDYK U\u017dKLAUSOS FORM\u0104<\/h2>\n<form id=\"wpforms-form-587\" data-formid=\"587\" method=\"post\" enctype=\"multipart\/form-data\" action=\"\/wp-admin\/admin-ajax.php\" data-token=\"6f46c3634298e12bb8578ad79ef8f2e8\" data-token-time=\"1714469692\"><noscript>Please enable JavaScript in your browser to complete this form.<\/noscript><label for=\"wpforms-587-field_9\">El. pa\u0161tas *<\/label><input type=\"email\" id=\"wpforms-587-field_9\" name=\"wpforms[fields][9]\" spellcheck=\"false\" required><label for=\"wpforms-587-field_6\">Paslauga<\/label><\/p>\n<ul id=\"wpforms-587-field_6\">\n<li><input type=\"checkbox\" id=\"wpforms-587-field_6_1\" name=\"wpforms[fields][6][]\" value=\"360 video platforma\"  ><label for=\"wpforms-587-field_6_1\">360 video platforma<\/label><\/li>\n<li><input type=\"checkbox\" id=\"wpforms-587-field_6_2\" name=\"wpforms[fields][6][]\" value=\"&quot;Gyva&quot; \u0161ampano siena\"  ><label for=\"wpforms-587-field_6_2\">&#8222;Gyva&#8221; \u0161ampano siena<\/label><\/li>\n<li><input type=\"checkbox\" id=\"wpforms-587-field_6_3\" name=\"wpforms[fields][6][]\" value=\"&quot;Magazine&quot; foto b\u016bdel\u0117.\"  ><label for=\"wpforms-587-field_6_3\">&#8222;Magazine&#8221; foto b\u016bdel\u0117.<\/label><\/li>\n<\/ul>\n<p><label for=\"wpforms-587-field_10\">\u0160vent\u0117s data, laikas, vieta ir norimas valand\u0173 skai\u010dius?<\/label><input type=\"text\" id=\"wpforms-587-field_10\" name=\"wpforms[fields][10]\" ><!-- .wpforms-field-container --><input type=\"hidden\" name=\"wpforms[id]\" value=\"587\">\t\t\t<input\n\t\t\t\ttype=\"hidden\"\n\t\t\t\tname=\"wpforms[nonce]\"\n\t\t\t\tvalue=\"e1e90a06d6\"\n\t\t\t\/><br \/>\n\t\t\t<input type=\"hidden\" name=\"page_title\" value=\"\"><input type=\"hidden\" name=\"page_url\" value=\"https:\/\/vip360.lt\/wp-admin\/admin-ajax.php\"><button type=\"submit\" name=\"wpforms[submit]\" id=\"wpforms-submit-587\" data-alt-text=\"siun\u010diama...\" data-submit-text=\"Si\u0173sti u\u017eklaus\u0105\" aria-live=\"assertive\" value=\"wpforms-submit\">Si\u0173sti u\u017eklaus\u0105<\/button><\/form>\n<p>  <!-- .wpforms-container --><\/p>\n","protected":false},"excerpt":{"rendered":"<p>I\u0160SKIRTIN\u0116S PASLAUGOS J\u016aS\u0172 \u0160VENT\u0116MS TIK SU &#8222;VIP 360 LIETUVA&#8221; 360 VIDEO PLATFORMA &#8222;GYVA&#8221; \u0160AMPANO SIENA &#8222;MAGAZINE&#8221; FOTO B\u016aDEL\u0116 Kas mes ir kod\u0117l? Nuomos paslaugas prad\u0117jome teikti 2022 met\u0173 prad\u017eioje. Buvome pirmieji \u012f Lietuv\u0105 atve\u017e\u0119 ir pristat\u0119 360 video platform\u0105, kuri\u0105 dabar tik\u0117tina jau matote visur. \u0160i\u0173 met\u0173 prad\u017eioje savo rankomis suk\u016br\u0117me &#8222;Gyv\u0105 \u0161ampano sien\u0105&#8221; ir [&hellip;]<\/p>\n","protected":false},"author":1,"featured_media":0,"parent":0,"menu_order":0,"comment_status":"closed","ping_status":"closed","template":"","meta":{"site-sidebar-layout":"no-sidebar","site-content-layout":"page-builder","ast-site-content-layout":"default","site-content-style":"default","site-sidebar-style":"default","ast-global-header-display":"","ast-banner-title-visibility":"","ast-main-header-display":"","ast-hfb-above-header-display":"","ast-hfb-below-header-display":"","ast-hfb-mobile-header-display":"","site-post-title":"disabled","ast-breadcrumbs-content":"disabled","ast-featured-img":"disabled","footer-sml-layout":"","ast-disable-related-posts":"","theme-transparent-header-meta":"enabled","adv-header-id-meta":"","stick-header-meta":"","header-above-stick-meta":"","header-main-stick-meta":"","header-below-stick-meta":"","astra-migrate-meta-layouts":"default","ast-page-background-enabled":"default","ast-page-background-meta":{"desktop":{"background-color":"","background-image":"","background-repeat":"repeat","background-position":"center center","background-size":"auto","background-attachment":"scroll","background-type":"","background-media":"","overlay-type":"","overlay-color":"","overlay-opacity":"","overlay-gradient":""},"tablet":{"background-color":"","background-image":"","background-repeat":"repeat","background-position":"center center","background-size":"auto","background-attachment":"scroll","background-type":"","background-media":"","overlay-type":"","overlay-color":"","overlay-opacity":"","overlay-gradient":""},"mobile":{"background-color":"","background-image":"","background-repeat":"repeat","background-position":"center center","background-size":"auto","background-attachment":"scroll","background-type":"","background-media":"","overlay-type":"","overlay-color":"","overlay-opacity":"","overlay-gradient":""}},"ast-content-background-meta":{"desktop":{"background-color":"var(--ast-global-color-5)","background-image":"","background-repeat":"repeat","background-position":"center center","background-size":"auto","background-attachment":"scroll","background-type":"","background-media":"","overlay-type":"","overlay-color":"","overlay-opacity":"","overlay-gradient":""},"tablet":{"background-color":"var(--ast-global-color-5)","background-image":"","background-repeat":"repeat","background-position":"center center","background-size":"auto","background-attachment":"scroll","background-type":"","background-media":"","overlay-type":"","overlay-color":"","overlay-opacity":"","overlay-gradient":""},"mobile":{"background-color":"var(--ast-global-color-5)","background-image":"","background-repeat":"repeat","background-position":"center center","background-size":"auto","background-attachment":"scroll","background-type":"","background-media":"","overlay-type":"","overlay-color":"","overlay-opacity":"","overlay-gradient":""}},"footnotes":""},"class_list":["post-19","page","type-page","status-publish","hentry"],"_links":{"self":[{"href":"https:\/\/vip360.lt\/index.php?rest_route=\/wp\/v2\/pages\/19","targetHints":{"allow":["GET"]}}],"collection":[{"href":"https:\/\/vip360.lt\/index.php?rest_route=\/wp\/v2\/pages"}],"about":[{"href":"https:\/\/vip360.lt\/index.php?rest_route=\/wp\/v2\/types\/page"}],"author":[{"embeddable":true,"href":"https:\/\/vip360.lt\/index.php?rest_route=\/wp\/v2\/users\/1"}],"replies":[{"embeddable":true,"href":"https:\/\/vip360.lt\/index.php?rest_route=%2Fwp%2Fv2%2Fcomments&post=19"}],"version-history":[{"count":130,"href":"https:\/\/vip360.lt\/index.php?rest_route=\/wp\/v2\/pages\/19\/revisions"}],"predecessor-version":[{"id":1004,"href":"https:\/\/vip360.lt\/index.php?rest_route=\/wp\/v2\/pages\/19\/revisions\/1004"}],"wp:attachment":[{"href":"https:\/\/vip360.lt\/index.php?rest_route=%2Fwp%2Fv2%2Fmedia&parent=19"}],"curies":[{"name":"wp","href":"https:\/\/api.w.org\/{rel}","templated":true}]}}